{"id":3269,"date":"2023-05-05T12:29:52","date_gmt":"2023-05-05T10:29:52","guid":{"rendered":"https:\/\/restaurangmassimo.se\/contact\/"},"modified":"2023-07-11T10:58:06","modified_gmt":"2023-07-11T08:58:06","slug":"contact","status":"publish","type":"page","link":"https:\/\/restaurangmassimo.se\/en\/contact\/","title":{"rendered":"Contact"},"content":{"rendered":"<p>[et_pb_section fb_built=&#8221;1&#8243; next_background_color=&#8221;#f8f7f5&#8243; _builder_version=&#8221;4.21.0&#8243; _module_preset=&#8221;default&#8221; background_image=&#8221;https:\/\/restaurangmassimo.se\/wp-content\/uploads\/2023\/05\/ByMija-Massimo-2022-18-scaled.jpg&#8221; custom_margin=&#8221;||||false|false&#8221; custom_padding=&#8221;90px||90px||false|false&#8221; bottom_divider_style=&#8221;ramp2&#8243; locked=&#8221;off&#8221; global_colors_info=&#8221;{}&#8221;][et_pb_row _builder_version=&#8221;4.21.0&#8243; _module_preset=&#8221;default&#8221; global_colors_info=&#8221;{}&#8221;][et_pb_column type=&#8221;4_4&#8243; _builder_version=&#8221;4.21.0&#8243; _module_preset=&#8221;default&#8221; global_colors_info=&#8221;{}&#8221;][et_pb_text _builder_version=&#8221;4.21.0&#8243; _module_preset=&#8221;default&#8221; header_font=&#8221;DM Sans||||||||&#8221; header_text_align=&#8221;center&#8221; header_text_color=&#8221;#ffffff&#8221; header_font_size=&#8221;50px&#8221; header_line_height=&#8221;1.2em&#8221; global_colors_info=&#8221;{}&#8221;]<\/p>\n<h1>Contact<\/h1>\n<p>[\/et_pb_text][\/et_pb_column][\/et_pb_row][\/et_pb_section][et_pb_section fb_built=&#8221;1&#8243; _builder_version=&#8221;4.21.0&#8243; _module_preset=&#8221;default&#8221; background_color=&#8221;#f8f7f5&#8243; global_colors_info=&#8221;{}&#8221;][et_pb_row column_structure=&#8221;1_2,1_2&#8243; _builder_version=&#8221;4.21.0&#8243; _module_preset=&#8221;default&#8221; global_colors_info=&#8221;{}&#8221;][et_pb_column type=&#8221;1_2&#8243; _builder_version=&#8221;4.21.0&#8243; _module_preset=&#8221;default&#8221; global_colors_info=&#8221;{}&#8221;][et_pb_text _builder_version=&#8221;4.21.0&#8243; _module_preset=&#8221;default&#8221; header_2_font=&#8221;DM Sans||||||||&#8221; header_2_text_color=&#8221;#201713&#8243; header_2_font_size=&#8221;42px&#8221; header_2_line_height=&#8221;1.1em&#8221; custom_margin=&#8221;||9px|||&#8221; global_colors_info=&#8221;{}&#8221;]<\/p>\n<h2>Contact us<\/h2>\n<p>[\/et_pb_text][et_pb_text _builder_version=&#8221;4.21.0&#8243; _module_preset=&#8221;default&#8221; text_font=&#8221;DM Sans||||||||&#8221; text_text_color=&#8221;#333333&#8243; text_font_size=&#8221;17px&#8221; text_line_height=&#8221;1.6em&#8221; global_colors_info=&#8221;{}&#8221;]<\/p>\n<p>You are very welcome to Massimo!<\/p>\n<p>[\/et_pb_text][et_pb_text _builder_version=&#8221;4.21.0&#8243; _module_preset=&#8221;default&#8221; text_font=&#8221;DM Sans||||||||&#8221; text_text_color=&#8221;#333333&#8243; text_font_size=&#8221;17px&#8221; global_colors_info=&#8221;{}&#8221;]<\/p>\n<div style=\"margin-top: 5px; float: left;\" class=\"icon_pin\"><\/div>\n<div style=\"padding-left: 25px;\">Restaurant Massimo<br \/>\nSandg\u00e4rdsgatan 10<\/div>\n<div style=\"padding-left: 25px;\">352 30 V\u00e4xj\u00f6<\/div>\n<div style=\"margin-top: 10px;\">\n<div style=\"margin-top: 5px; float: left;\" class=\"icon_phone\"><\/div>\n<div style=\"padding-left: 25px;\"><a href=\"tel:+46470570560\" class=\"massimo_link\">0470 \u2013 57 05 60<\/a><\/div>\n<\/div>\n<div style=\"margin-top: 10px;\">\n<div style=\"margin-top: 5px; float: left;\" class=\"icon_mail\"><\/div>\n<div style=\"white-space: nowrap; padding-left: 25px;\"><a href=\"mailto:info@restaurangmassimo.se\" class=\"massimo_link\">info@restaurangmassimo.se<\/a><\/div>\n<\/div>\n<p>[\/et_pb_text][\/et_pb_column][et_pb_column type=&#8221;1_2&#8243; _builder_version=&#8221;4.21.0&#8243; _module_preset=&#8221;default&#8221; global_colors_info=&#8221;{}&#8221;][et_pb_text _builder_version=&#8221;4.21.0&#8243; _module_preset=&#8221;default&#8221; global_colors_info=&#8221;{}&#8221;]<iframe src=\"https:\/\/www.google.com\/maps\/embed?pb=!1m18!1m12!1m3!1d2180.135552045223!2d14.804119377467641!3d56.87791880477444!2m3!1f0!2f0!3f0!3m2!1i1024!2i768!4f13.1!3m3!1m2!1s0x465723f2b4a4867b%3A0x5ef14a709f43383d!2sMassimo!5e0!3m2!1ssv!2sse!4v1683284545565!5m2!1ssv!2sse\" width=\"600\" height=\"450\" style=\"border:0;\" allowfullscreen=\"\" loading=\"lazy\" referrerpolicy=\"no-referrer-when-downgrade\"><\/iframe>[\/et_pb_text][\/et_pb_column][\/et_pb_row][\/et_pb_section]<\/p>\n","protected":false},"excerpt":{"rendered":"<p>ContactContact usYou are very welcome to Massimo! Restaurant Massimo Sandg\u00e4rdsgatan 10 352 30 V\u00e4xj\u00f6 0470 \u2013 57 05 60 info@restaurangmassimo.se<\/p>\n","protected":false},"author":1,"featured_media":0,"parent":0,"menu_order":0,"comment_status":"closed","ping_status":"closed","template":"","meta":{"_et_pb_use_builder":"on","_et_pb_old_content":"","_et_gb_content_width":"","footnotes":""},"class_list":["post-3269","page","type-page","status-publish","hentry"],"yoast_head":"<!-- This site is optimized with the Yoast SEO plugin v26.7 - https:\/\/yoast.com\/wordpress\/plugins\/seo\/ -->\n<title>Contact - Restaurang Massimo<\/title>\n<meta name=\"robots\" content=\"index, follow, max-snippet:-1, max-image-preview:large, max-video-preview:-1\" \/>\n<link rel=\"canonical\" href=\"https:\/\/restaurangmassimo.se\/en\/contact\/\" \/>\n<meta property=\"og:locale\" content=\"en_US\" \/>\n<meta property=\"og:type\" content=\"article\" \/>\n<meta property=\"og:title\" content=\"Contact - Restaurang Massimo\" \/>\n<meta property=\"og:description\" content=\"ContactContact usYou are very welcome to Massimo! Restaurant Massimo Sandg\u00e4rdsgatan 10 352 30 V\u00e4xj\u00f6 0470 \u2013 57 05 60 info@restaurangmassimo.se\" \/>\n<meta property=\"og:url\" content=\"https:\/\/restaurangmassimo.se\/en\/contact\/\" \/>\n<meta property=\"og:site_name\" content=\"Restaurang Massimo\" \/>\n<meta property=\"article:publisher\" content=\"https:\/\/www.facebook.com\/profile.php?id=100047976563894\" \/>\n<meta property=\"article:modified_time\" content=\"2023-07-11T08:58:06+00:00\" \/>\n<meta name=\"twitter:card\" content=\"summary_large_image\" \/>\n<meta name=\"twitter:label1\" content=\"Est. reading time\" \/>\n\t<meta name=\"twitter:data1\" content=\"1 minute\" \/>\n<script type=\"application\/ld+json\" class=\"yoast-schema-graph\">{\"@context\":\"https:\/\/schema.org\",\"@graph\":[{\"@type\":\"WebPage\",\"@id\":\"https:\/\/restaurangmassimo.se\/en\/contact\/\",\"url\":\"https:\/\/restaurangmassimo.se\/en\/contact\/\",\"name\":\"Contact - Restaurang Massimo\",\"isPartOf\":{\"@id\":\"https:\/\/restaurangmassimo.se\/en\/#website\"},\"datePublished\":\"2023-05-05T10:29:52+00:00\",\"dateModified\":\"2023-07-11T08:58:06+00:00\",\"breadcrumb\":{\"@id\":\"https:\/\/restaurangmassimo.se\/en\/contact\/#breadcrumb\"},\"inLanguage\":\"en-US\",\"potentialAction\":[{\"@type\":\"ReadAction\",\"target\":[\"https:\/\/restaurangmassimo.se\/en\/contact\/\"]}]},{\"@type\":\"BreadcrumbList\",\"@id\":\"https:\/\/restaurangmassimo.se\/en\/contact\/#breadcrumb\",\"itemListElement\":[{\"@type\":\"ListItem\",\"position\":1,\"name\":\"Hem\",\"item\":\"https:\/\/restaurangmassimo.se\/en\/hem\/\"},{\"@type\":\"ListItem\",\"position\":2,\"name\":\"Contact\"}]},{\"@type\":\"WebSite\",\"@id\":\"https:\/\/restaurangmassimo.se\/en\/#website\",\"url\":\"https:\/\/restaurangmassimo.se\/en\/\",\"name\":\"Restaurang Massimo\",\"description\":\"K\u00f6k &amp; Bistro\",\"publisher\":{\"@id\":\"https:\/\/restaurangmassimo.se\/en\/#organization\"},\"potentialAction\":[{\"@type\":\"SearchAction\",\"target\":{\"@type\":\"EntryPoint\",\"urlTemplate\":\"https:\/\/restaurangmassimo.se\/en\/?s={search_term_string}\"},\"query-input\":{\"@type\":\"PropertyValueSpecification\",\"valueRequired\":true,\"valueName\":\"search_term_string\"}}],\"inLanguage\":\"en-US\"},{\"@type\":\"Organization\",\"@id\":\"https:\/\/restaurangmassimo.se\/en\/#organization\",\"name\":\"Restaurang Massimo\",\"url\":\"https:\/\/restaurangmassimo.se\/en\/\",\"logo\":{\"@type\":\"ImageObject\",\"inLanguage\":\"en-US\",\"@id\":\"https:\/\/restaurangmassimo.se\/en\/#\/schema\/logo\/image\/\",\"url\":\"https:\/\/restaurangmassimo.se\/wp-content\/uploads\/2021\/10\/massimo_logo_svart_transparent.png\",\"contentUrl\":\"https:\/\/restaurangmassimo.se\/wp-content\/uploads\/2021\/10\/massimo_logo_svart_transparent.png\",\"width\":341,\"height\":71,\"caption\":\"Restaurang Massimo\"},\"image\":{\"@id\":\"https:\/\/restaurangmassimo.se\/en\/#\/schema\/logo\/image\/\"},\"sameAs\":[\"https:\/\/www.facebook.com\/profile.php?id=100047976563894\",\"https:\/\/www.instagram.com\/restaurangmassimo\/\"]}]}<\/script>\n<!-- \/ Yoast SEO plugin. -->","yoast_head_json":{"title":"Contact - Restaurang Massimo","robots":{"index":"index","follow":"follow","max-snippet":"max-snippet:-1","max-image-preview":"max-image-preview:large","max-video-preview":"max-video-preview:-1"},"canonical":"https:\/\/restaurangmassimo.se\/en\/contact\/","og_locale":"en_US","og_type":"article","og_title":"Contact - Restaurang Massimo","og_description":"ContactContact usYou are very welcome to Massimo! Restaurant Massimo Sandg\u00e4rdsgatan 10 352 30 V\u00e4xj\u00f6 0470 \u2013 57 05 60 info@restaurangmassimo.se","og_url":"https:\/\/restaurangmassimo.se\/en\/contact\/","og_site_name":"Restaurang Massimo","article_publisher":"https:\/\/www.facebook.com\/profile.php?id=100047976563894","article_modified_time":"2023-07-11T08:58:06+00:00","twitter_card":"summary_large_image","twitter_misc":{"Est. reading time":"1 minute"},"schema":{"@context":"https:\/\/schema.org","@graph":[{"@type":"WebPage","@id":"https:\/\/restaurangmassimo.se\/en\/contact\/","url":"https:\/\/restaurangmassimo.se\/en\/contact\/","name":"Contact - Restaurang Massimo","isPartOf":{"@id":"https:\/\/restaurangmassimo.se\/en\/#website"},"datePublished":"2023-05-05T10:29:52+00:00","dateModified":"2023-07-11T08:58:06+00:00","breadcrumb":{"@id":"https:\/\/restaurangmassimo.se\/en\/contact\/#breadcrumb"},"inLanguage":"en-US","potentialAction":[{"@type":"ReadAction","target":["https:\/\/restaurangmassimo.se\/en\/contact\/"]}]},{"@type":"BreadcrumbList","@id":"https:\/\/restaurangmassimo.se\/en\/contact\/#breadcrumb","itemListElement":[{"@type":"ListItem","position":1,"name":"Hem","item":"https:\/\/restaurangmassimo.se\/en\/hem\/"},{"@type":"ListItem","position":2,"name":"Contact"}]},{"@type":"WebSite","@id":"https:\/\/restaurangmassimo.se\/en\/#website","url":"https:\/\/restaurangmassimo.se\/en\/","name":"Restaurang Massimo","description":"K\u00f6k &amp; Bistro","publisher":{"@id":"https:\/\/restaurangmassimo.se\/en\/#organization"},"potentialAction":[{"@type":"SearchAction","target":{"@type":"EntryPoint","urlTemplate":"https:\/\/restaurangmassimo.se\/en\/?s={search_term_string}"},"query-input":{"@type":"PropertyValueSpecification","valueRequired":true,"valueName":"search_term_string"}}],"inLanguage":"en-US"},{"@type":"Organization","@id":"https:\/\/restaurangmassimo.se\/en\/#organization","name":"Restaurang Massimo","url":"https:\/\/restaurangmassimo.se\/en\/","logo":{"@type":"ImageObject","inLanguage":"en-US","@id":"https:\/\/restaurangmassimo.se\/en\/#\/schema\/logo\/image\/","url":"https:\/\/restaurangmassimo.se\/wp-content\/uploads\/2021\/10\/massimo_logo_svart_transparent.png","contentUrl":"https:\/\/restaurangmassimo.se\/wp-content\/uploads\/2021\/10\/massimo_logo_svart_transparent.png","width":341,"height":71,"caption":"Restaurang Massimo"},"image":{"@id":"https:\/\/restaurangmassimo.se\/en\/#\/schema\/logo\/image\/"},"sameAs":["https:\/\/www.facebook.com\/profile.php?id=100047976563894","https:\/\/www.instagram.com\/restaurangmassimo\/"]}]}},"_links":{"self":[{"href":"https:\/\/restaurangmassimo.se\/en\/wp-json\/wp\/v2\/pages\/3269","targetHints":{"allow":["GET"]}}],"collection":[{"href":"https:\/\/restaurangmassimo.se\/en\/wp-json\/wp\/v2\/pages"}],"about":[{"href":"https:\/\/restaurangmassimo.se\/en\/wp-json\/wp\/v2\/types\/page"}],"author":[{"embeddable":true,"href":"https:\/\/restaurangmassimo.se\/en\/wp-json\/wp\/v2\/users\/1"}],"replies":[{"embeddable":true,"href":"https:\/\/restaurangmassimo.se\/en\/wp-json\/wp\/v2\/comments?post=3269"}],"version-history":[{"count":7,"href":"https:\/\/restaurangmassimo.se\/en\/wp-json\/wp\/v2\/pages\/3269\/revisions"}],"predecessor-version":[{"id":3372,"href":"https:\/\/restaurangmassimo.se\/en\/wp-json\/wp\/v2\/pages\/3269\/revisions\/3372"}],"wp:attachment":[{"href":"https:\/\/restaurangmassimo.se\/en\/wp-json\/wp\/v2\/media?parent=3269"}],"curies":[{"name":"wp","href":"https:\/\/api.w.org\/{rel}","templated":true}]}}